{"id":104,"date":"2024-11-20T19:12:43","date_gmt":"2024-11-20T19:12:43","guid":{"rendered":"https:\/\/reinhards-gitarren.at\/wordpress\/?page_id=104"},"modified":"2025-04-27T08:14:53","modified_gmt":"2025-04-27T08:14:53","slug":"portrait","status":"publish","type":"page","link":"https:\/\/www.reinhards-gitarren.at\/?page_id=104","title":{"rendered":"Portrait"},"content":{"rendered":"\n<h1 class=\"wp-block-heading\">Portrait<\/h1>\n\n\n\n<div class=\"wp-block-media-text has-media-on-the-right is-stacked-on-mobile is-vertically-aligned-top\" style=\"padding-top:var(--wp--preset--spacing--20);padding-bottom:var(--wp--preset--spacing--20);grid-template-columns:auto 56%\"><div class=\"wp-block-media-text__content\">\n<p style=\"padding-top:0;padding-bottom:0\">&#8211; schon als 4 j\u00e4hriger reges Interesse an Gitarren<\/p>\n\n\n\n<p style=\"padding-top:0;padding-bottom:0\">&#8211; mit 10 erste eigene Gitarre bekommen(1966)<\/p>\n\n\n\n<p style=\"padding-top:0;padding-bottom:0\">&#8211; im Alter 9 \u2212 11 Gitarreunterricht \u2212 blutende Finger<\/p>\n\n\n\n<p style=\"padding-top:0;padding-bottom:0\">&#8211; dann doch lieber Handballer als Gitarrero<\/p>\n<\/div><figure class=\"wp-block-media-text__media\"><img loading=\"lazy\" decoding=\"async\" width=\"195\" height=\"254\" src=\"https:\/\/reinhards-gitarren.at\/wp-content\/uploads\/2024\/11\/Reinhard-und-Christian.jpg\" alt=\"\" class=\"wp-image-200 size-full\"\/><\/figure><\/div>\n\n\n\n<p>1972 im September als pubertierender 15\u2212j\u00e4hriger am Tag des Who\u2212Konzerts in Wien um den kargen Lohn des ersten Ferialjobs \u00d6S 2.400,\u2212 erste eigene E\u2212Gitarre (Ibanez SG) erstanden fortan den 8 Watt R\u00f6hrenradio der Eltern \u2212 wenn die nicht da waren \u2212 traktiert \u2212 wann zerrt das Ding endlich an und wie krieg ich den Sound vom Pete Townshend?<\/p>\n\n\n\n<div class=\"wp-block-media-text has-media-on-the-right is-stacked-on-mobile\"><div class=\"wp-block-media-text__content\">\n<p>mit 16 erstmals der dringende Wunsch eine E\u2212Gitarre selbst zu bauen, nachdem Keith Richards am Stones Albumcover von &#8222;Get Your Ya\u2212Ya\u00b4s Out&#8220; auf der R\u00fcckseite mit einer durchsichtigen (!) Gitarre tiefen Eindruck bei mir hinterlassen hat (es ist noch immer so) und mein Bruderherz gerade Kunststofftechnik in der Schule hatte, schien mir die Gelegenheit g\u00fcnstig<\/p>\n<\/div><figure class=\"wp-block-media-text__media\"><img loading=\"lazy\" decoding=\"async\" width=\"195\" height=\"288\" src=\"https:\/\/reinhards-gitarren.at\/wp-content\/uploads\/2024\/11\/1dan.jpg\" alt=\"\" class=\"wp-image-211 size-full\"\/><\/figure><\/div>\n\n\n\n<p>es ist dann an mehreren &#8222;Kleinigkeiten&#8220; gescheitert \u2212 vor allem an nicht zu kriegenden Informationen<\/p>\n\n\n\n<p>trotzdem schwelte das Feuer im Verborgenem weiter und die sechssaitigen Sch\u00f6nheiten mit den vielen harmonischen Kurven und dem ganz speziellen Ton lie\u00df mich nie los<\/p>\n\n\n\n<p>mit Holz verband mich dieser Tage das Studium der Forstwirtschaft, das dann zugunsten einer Handballtrainer\u2212Karriere beendet wurde<\/p>\n\n\n\n<p>eines sch\u00f6nen Tages so um die Jahrtausendwende verlor der Handball (nach 30 Jahren, 25 davon professionell) f\u00fcr mich seine  Bedeutung (doch: danke  f\u00fcr all die pr\u00e4genden Erfahrungen &#8211; ich war immer mit Herz und Seele dabei) \u2212 es mu\u00df doch einen anderen Lebensinhalt geben als selber die &#8222;Kugel&#8220; in ein 3 x 2 m gro\u00dfes Geh\u00e4use zu knallen und tunlichst ein Tor mehr als der Gegner zu machen bzw. das als Trainer als oberste Maxime seinen Spielern 7\u2212mal die Woche einzutrichtern<\/p>\n\n\n\n<div class=\"wp-block-media-text has-media-on-the-right is-stacked-on-mobile\" style=\"grid-template-columns:auto 54%\"><div class=\"wp-block-media-text__content\">\n<p>ein Fest in der &#8222;Zugabe&#8220;, ein dort aufliegendes Musikmagazin mit einem Artikel \u00fcber Gitarrenpflege und Querverweis auf ein Buch eines Gitarrenbauers (sofort verschlungen) waren Anla\u00df meinen lange gehegten Wunsch zur Realit\u00e4t zu machen<\/p>\n<\/div><figure class=\"wp-block-media-text__media\"><img loading=\"lazy\" decoding=\"async\" width=\"1024\" height=\"736\" src=\"https:\/\/reinhards-gitarren.at\/wp-content\/uploads\/2025\/04\/Reinhard-Blumberger-1024x736.jpg\" alt=\"\" class=\"wp-image-618 size-full\" srcset=\"https:\/\/reinhards-gitarren.at\/wp-content\/uploads\/2025\/04\/Reinhard-Blumberger-1024x736.jpg 1024w, https:\/\/reinhards-gitarren.at\/wp-content\/uploads\/2025\/04\/Reinhard-Blumberger-300x216.jpg 300w, https:\/\/reinhards-gitarren.at\/wp-content\/uploads\/2025\/04\/Reinhard-Blumberger-768x552.jpg 768w, https:\/\/reinhards-gitarren.at\/wp-content\/uploads\/2025\/04\/Reinhard-Blumberger.jpg 1521w\" sizes=\"auto, (max-width: 1024px) 100vw, 1024px\" \/><\/figure><\/div>\n\n\n\n<div class=\"wp-block-media-text has-media-on-the-right is-stacked-on-mobile\"><div class=\"wp-block-media-text__content\">\n<p>Ausbildungsplatz bei einer Gitarrenbau\u2212Firma (mit &#8222;Bau&#8220; im Namen) gefunden<br>starke 5 Jahre Lehre und Praxis<br>2005 an der WKO erfolgreich absolvierte Fach\u2212 und Unternehmerpr\u00fcfung und damit auch amtlich im &#8222;Musikland&#8220; zuhause<\/p>\n\n\n\n<p>April bis Dezember 2006 Restauration und Adaption der eigenen Werkstatt<\/p>\n<\/div><figure class=\"wp-block-media-text__media\"><img loading=\"lazy\" decoding=\"async\" width=\"195\" height=\"283\" src=\"https:\/\/reinhards-gitarren.at\/wp-content\/uploads\/2024\/11\/ReinhardsGitarren.jpg\" alt=\"\" class=\"wp-image-199 size-full\"\/><\/figure><\/div>\n\n\n\n<div style=\"height:18px\" aria-hidden=\"true\" class=\"wp-block-spacer\"><\/div>\n\n\n\n<p class=\"has-text-align-center\">01.01.2007 Er\u00f6ffnung meiner Gitarrenbau Werkstatt <br><strong>REINHARD\u00b4S GITARREN<\/strong><\/p>\n","protected":false},"excerpt":{"rendered":"<p>Portrait &#8211; schon als 4 j\u00e4hriger reges Interesse an Gitarren &#8211; mit 10 erste eigene Gitarre bekommen(1966) &#8211; im Alter 9 \u2212 11 Gitarreunterricht \u2212 blutende Finger &#8211; dann doch lieber Handballer als Gitarrero 1972 im September als pubertierender 15\u2212j\u00e4hriger am Tag des Who\u2212Konzerts in Wien um den kargen Lohn des ersten Ferialjobs \u00d6S 2.400,\u2212 [&hellip;]<\/p>\n","protected":false},"author":1,"featured_media":0,"parent":65,"menu_order":1,"comment_status":"closed","ping_status":"closed","template":"wp-custom-template-reinhard-template","meta":{"footnotes":""},"class_list":["post-104","page","type-page","status-publish","hentry"],"_links":{"self":[{"href":"https:\/\/www.reinhards-gitarren.at\/index.php?rest_route=\/wp\/v2\/pages\/104","targetHints":{"allow":["GET"]}}],"collection":[{"href":"https:\/\/www.reinhards-gitarren.at\/index.php?rest_route=\/wp\/v2\/pages"}],"about":[{"href":"https:\/\/www.reinhards-gitarren.at\/index.php?rest_route=\/wp\/v2\/types\/page"}],"author":[{"embeddable":true,"href":"https:\/\/www.reinhards-gitarren.at\/index.php?rest_route=\/wp\/v2\/users\/1"}],"replies":[{"embeddable":true,"href":"https:\/\/www.reinhards-gitarren.at\/index.php?rest_route=%2Fwp%2Fv2%2Fcomments&post=104"}],"version-history":[{"count":2,"href":"https:\/\/www.reinhards-gitarren.at\/index.php?rest_route=\/wp\/v2\/pages\/104\/revisions"}],"predecessor-version":[{"id":619,"href":"https:\/\/www.reinhards-gitarren.at\/index.php?rest_route=\/wp\/v2\/pages\/104\/revisions\/619"}],"up":[{"embeddable":true,"href":"https:\/\/www.reinhards-gitarren.at\/index.php?rest_route=\/wp\/v2\/pages\/65"}],"wp:attachment":[{"href":"https:\/\/www.reinhards-gitarren.at\/index.php?rest_route=%2Fwp%2Fv2%2Fmedia&parent=104"}],"curies":[{"name":"wp","href":"https:\/\/api.w.org\/{rel}","templated":true}]}}