{"id":55,"date":"2024-11-20T18:08:17","date_gmt":"2024-11-20T18:08:17","guid":{"rendered":"https:\/\/reinhards-gitarren.at\/wordpress\/?page_id=55"},"modified":"2026-04-17T08:09:08","modified_gmt":"2026-04-17T08:09:08","slug":"home","status":"publish","type":"page","link":"https:\/\/www.reinhards-gitarren.at\/","title":{"rendered":"Home"},"content":{"rendered":"\n<p><strong>Liebe SaitenspielerInnen!<\/strong><\/p>\n\n\n\n<p>H<strong><em>eute, Freitag 17.April ausnahmsweise geschlossen<\/em><\/strong>!<\/p>\n\n\n\n<p><strong><em>Wir sind dann am Montag wieder da.<\/em><\/strong><\/p>\n\n\n\n<p><\/p>\n\n\n\n<p>Meine Werkstatt \u201eReinhard\u2019s Gitarren\u201d befindet sich Ecke Freytaggasse\/Bro\u00dfmannplatz in den Arkaden des Paul Speiser <br>Hofs.<\/p>\n\n\n\n<p>Ich ersuche Euch\/Sie um telefonische Terminvereinbarung <br>unter <a href=\"tel:+436763832854\">0676 \/ 383 28 54<\/a><\/p>\n\n\n\n<p>Ich freue mich auf Euer\/Ihr Kommen!<\/p>\n\n\n\n<p>Reinhard Blumberger<br><br><br><br><\/p>\n\n\n\n<p><\/p>\n\n\n\n<p><\/p>\n\n\n\n<p><\/p>\n\n\n\n<p><\/p>\n\n\n\n<p><\/p>\n\n\n\n<p><\/p>\n\n\n\n<p><\/p>\n\n\n\n<p><\/p>\n\n\n\n<p><\/p>\n\n\n\n<p>(Termine nach R\u00fccksprache auch au\u00dferhalb der \u00d6ffnungszeiten m\u00f6glich)<\/p>\n\n\n\n<p><\/p>\n","protected":false},"excerpt":{"rendered":"<p>Liebe SaitenspielerInnen! Heute, Freitag 17.April ausnahmsweise geschlossen! Wir sind dann am Montag wieder da. Meine Werkstatt \u201eReinhard\u2019s Gitarren\u201d befindet sich Ecke Freytaggasse\/Bro\u00dfmannplatz in den Arkaden des Paul Speiser Hofs. Ich ersuche Euch\/Sie um telefonische Terminvereinbarung unter 0676 \/ 383 28 54 Ich freue mich auf Euer\/Ihr Kommen! Reinhard Blumberger (Termine nach R\u00fccksprache auch au\u00dferhalb der [&hellip;]<\/p>\n","protected":false},"author":1,"featured_media":0,"parent":52,"menu_order":1,"comment_status":"closed","ping_status":"closed","template":"wp-custom-template-reinhard-template","meta":{"footnotes":""},"class_list":["post-55","page","type-page","status-publish","hentry"],"_links":{"self":[{"href":"https:\/\/www.reinhards-gitarren.at\/index.php?rest_route=\/wp\/v2\/pages\/55","targetHints":{"allow":["GET"]}}],"collection":[{"href":"https:\/\/www.reinhards-gitarren.at\/index.php?rest_route=\/wp\/v2\/pages"}],"about":[{"href":"https:\/\/www.reinhards-gitarren.at\/index.php?rest_route=\/wp\/v2\/types\/page"}],"author":[{"embeddable":true,"href":"https:\/\/www.reinhards-gitarren.at\/index.php?rest_route=\/wp\/v2\/users\/1"}],"replies":[{"embeddable":true,"href":"https:\/\/www.reinhards-gitarren.at\/index.php?rest_route=%2Fwp%2Fv2%2Fcomments&post=55"}],"version-history":[{"count":47,"href":"https:\/\/www.reinhards-gitarren.at\/index.php?rest_route=\/wp\/v2\/pages\/55\/revisions"}],"predecessor-version":[{"id":728,"href":"https:\/\/www.reinhards-gitarren.at\/index.php?rest_route=\/wp\/v2\/pages\/55\/revisions\/728"}],"up":[{"embeddable":true,"href":"https:\/\/www.reinhards-gitarren.at\/index.php?rest_route=\/wp\/v2\/pages\/52"}],"wp:attachment":[{"href":"https:\/\/www.reinhards-gitarren.at\/index.php?rest_route=%2Fwp%2Fv2%2Fmedia&parent=55"}],"curies":[{"name":"wp","href":"https:\/\/api.w.org\/{rel}","templated":true}]}}