{"id":80,"date":"2024-11-20T18:44:26","date_gmt":"2024-11-20T18:44:26","guid":{"rendered":"https:\/\/reinhards-gitarren.at\/wordpress\/?page_id=80"},"modified":"2025-05-20T15:52:42","modified_gmt":"2025-05-20T15:52:42","slug":"soundfiles","status":"publish","type":"page","link":"https:\/\/www.reinhards-gitarren.at\/?page_id=80","title":{"rendered":"Soundfiles"},"content":{"rendered":"\n<div class=\"wp-block-group has-global-padding is-layout-constrained wp-block-group-is-layout-constrained\">\n<h1 class=\"wp-block-heading\">Blumberger &#8222;1-Cut Birke&#8220;<\/h1>\n\n\n\n<p>Heimo Trixner<br>Preis: \u20ac 2.200,&#8211; (inkl. 20% MWSt.)<br>es wurden keine Effkte (Hall, Kompression etc.) verwendet<\/p>\n\n\n\n<figure class=\"wp-block-embed is-type-video is-provider-youtube wp-block-embed-youtube wp-embed-aspect-4-3 wp-has-aspect-ratio\"><div class=\"wp-block-embed__wrapper\">\n<iframe loading=\"lazy\" title=\"Blumberger 1-Cut Birke\" width=\"500\" height=\"375\" src=\"https:\/\/www.youtube.com\/embed\/txWkNuszZfE?feature=oembed\" frameborder=\"0\" allow=\"accelerometer; autoplay; clipboard-write; encrypted-media; gyroscope; picture-in-picture; web-share\" referrerpolicy=\"strict-origin-when-cross-origin\" allowfullscreen><\/iframe>\n<\/div><\/figure>\n<\/div>\n\n\n\n<div style=\"height:50px\" aria-hidden=\"true\" class=\"wp-block-spacer\"><\/div>\n\n\n\n<div class=\"wp-block-group has-global-padding is-layout-constrained wp-block-group-is-layout-constrained\">\n<h1 class=\"wp-block-heading\">Blumberger &#8222;Mira Lu Signature&#8220;<\/h1>\n\n\n\n<p>Eigent\u00fcmer: Mira Lu Kovacs<br>alle Tracks eingespielt von Mira Lu Kovacs<br>es wurden keine Effkte (Hall, Kompression etc.) verwendet<br>(Ausnahme Riesenmoor).<br>Aufgenommen von Chrono Popp, Audiorama Tonstudio.<br>Die Lautst\u00e4rke wurde nicht angepasst, die Aufnahmen geben daher die tats\u00e4chlichen Lautst\u00e4rkeunterschiede der Tonabnehmer wieder.<br>Fertigstellung der Gitarre: 21.09.2016 <\/p>\n\n\n\n<figure class=\"wp-block-embed is-type-video is-provider-youtube wp-block-embed-youtube wp-embed-aspect-4-3 wp-has-aspect-ratio\"><div class=\"wp-block-embed__wrapper\">\n<iframe loading=\"lazy\" title=\"Blumberger \"Mira Lu Signature\"\" width=\"500\" height=\"375\" src=\"https:\/\/www.youtube.com\/embed\/IHd_KePIT7A?feature=oembed\" frameborder=\"0\" allow=\"accelerometer; autoplay; clipboard-write; encrypted-media; gyroscope; picture-in-picture; web-share\" referrerpolicy=\"strict-origin-when-cross-origin\" allowfullscreen><\/iframe>\n<\/div><\/figure>\n<\/div>\n\n\n\n<div class=\"wp-block-group has-global-padding is-layout-constrained wp-block-group-is-layout-constrained\">\n<h1 class=\"wp-block-heading\">Blumberger &#8222;2-Cut sharp&#8220;<\/h1>\n\n\n\n<p>Preis: auf Anfrage<br>Aufnahme: Tracks 3, 8 eingespielt von Chrono Popp<br>alle anderen Tracks eingespielt von Reinhard Blumberger<br>aufgenommen von Chrono Popp im Audiorama Tonstudio 1210 Wien<br>Verst\u00e4rker: Groove Tubes STPG II<br>Box: Tube Amp Doctor mit Tone Tubby 12&#8243; Alnico Lautsprecher<br>Vorverst\u00e4rker\/Wandler: RME Fireface 400<br>Mikrophon: Royer R-121<br>Software: Cubase 7.0.5<br>Format: 48 kHz\/24 Bit komprimiert auf mp3 160 kbit<br>Files normalisiert auf -0,3 dB FS, kein EQ, kein Kompressor, keine Effekte<\/p>\n\n\n\n<p><strong>Fazit<\/strong>: die Gitarre klingt gut trotz meiner bescheidenen &#8222;Gitarrenk\u00fcnste&#8220;. RB <\/p>\n\n\n\n<figure class=\"wp-block-embed is-type-video is-provider-youtube wp-block-embed-youtube wp-embed-aspect-4-3 wp-has-aspect-ratio\"><div class=\"wp-block-embed__wrapper\">\n<iframe loading=\"lazy\" title=\"Blumberger 2-Cut Mahagoni Sharp\" width=\"500\" height=\"375\" src=\"https:\/\/www.youtube.com\/embed\/aA90CfEmy0Y?feature=oembed\" frameborder=\"0\" allow=\"accelerometer; autoplay; clipboard-write; encrypted-media; gyroscope; picture-in-picture; web-share\" referrerpolicy=\"strict-origin-when-cross-origin\" allowfullscreen><\/iframe>\n<\/div><\/figure>\n<\/div>\n\n\n\n<div class=\"wp-block-group has-global-padding is-layout-constrained wp-block-group-is-layout-constrained\">\n<h1 class=\"wp-block-heading\">Blumberger &#8222;1-Cut Carved&#8220;<\/h1>\n<\/div>\n\n\n\n<div class=\"wp-block-group has-global-padding is-layout-constrained wp-block-group-is-layout-constrained\">\n<p>Eigent\u00fcmer: Philipp Conrad<br>alle Tracks eingespielt von Patrick Henriquez<br>es wurden keine Effkte (Hall, Kompression etc.) verwendet<br>Aufgenommen von Chrono Popp, Audiorama Tonstudio.<br>Die Lautst\u00e4rke wurde nicht angepasst, die Aufnahmen geben daher die tats\u00e4chlichen Lautst\u00e4rkeunterschiede der Tonabnehmer wieder. <\/p>\n\n\n\n<figure class=\"wp-block-embed is-type-video is-provider-youtube wp-block-embed-youtube wp-embed-aspect-4-3 wp-has-aspect-ratio\"><div class=\"wp-block-embed__wrapper\">\n<iframe loading=\"lazy\" title=\"Blumberger 1-Cut Mahagoni\/Ahorn Carved\" width=\"500\" height=\"375\" src=\"https:\/\/www.youtube.com\/embed\/06O0GAGEs7g?feature=oembed\" frameborder=\"0\" allow=\"accelerometer; autoplay; clipboard-write; encrypted-media; gyroscope; picture-in-picture; web-share\" referrerpolicy=\"strict-origin-when-cross-origin\" allowfullscreen><\/iframe>\n<\/div><\/figure>\n\n\n\n<h1 class=\"wp-block-heading\">Blumberger &#8222;1-Cut&#8220;<\/h1>\n<\/div>\n\n\n\n<div class=\"wp-block-group has-global-padding is-layout-constrained wp-block-group-is-layout-constrained\">\n<p>Eigent\u00fcmer: Kurt Seppele<br>alle Tracks eingespielt von Kurt Seppele<br>aufgenommen im Audiorama Tonstudio Wien<br>es wurden keine Effkte (Hall, Kompression etc.) verwendet.<br>Die Lautst\u00e4rke wurde nicht angepasst, die Aufnahmen geben daher die tats\u00e4chlichen Lautst\u00e4rkeunterschiede der Tonabnehmer wieder. <\/p>\n\n\n\n<figure class=\"wp-block-embed is-type-video is-provider-youtube wp-block-embed-youtube wp-embed-aspect-4-3 wp-has-aspect-ratio\"><div class=\"wp-block-embed__wrapper\">\n<iframe loading=\"lazy\" title=\"Blumberger 1-Cut Esche\" width=\"500\" height=\"375\" src=\"https:\/\/www.youtube.com\/embed\/OpjMloVEyN4?feature=oembed\" frameborder=\"0\" allow=\"accelerometer; autoplay; clipboard-write; encrypted-media; gyroscope; picture-in-picture; web-share\" referrerpolicy=\"strict-origin-when-cross-origin\" allowfullscreen><\/iframe>\n<\/div><\/figure>\n\n\n\n<h1 class=\"wp-block-heading\">Blumberger &#8222;The Twanger&#8220;<\/h1>\n<\/div>\n\n\n\n<p>Signalkette:<br>GrooveTubes Soul-O-Single Verst\u00e4rker \u2192 ToneTubby 12&#8243; Lautsprecherbox \u2192 Royer 121 Mikrophon \u2192 RME Fireface 400 Analog\/Digital-Wandler \u2192 Nuendo<\/p>\n\n\n\n<p>alle Tracks eingespielt von Chrono Popp<br>aufgenommen im Audiorama Tonstudio Wien<br>es wurden keine Effkte (Hall, Kompression etc.) verwendet.<br>Die Lautst\u00e4rke wurde nicht angepasst, die Aufnahmen geben daher die tats\u00e4chlichen Lautst\u00e4rkeunterschiede der Tonabnehmer wieder. <\/p>\n\n\n\n<figure class=\"wp-block-embed is-type-video is-provider-youtube wp-block-embed-youtube wp-embed-aspect-4-3 wp-has-aspect-ratio\"><div class=\"wp-block-embed__wrapper\">\n<iframe loading=\"lazy\" title=\"Blumberger \"The Twanger\"\" width=\"500\" height=\"375\" src=\"https:\/\/www.youtube.com\/embed\/OvaFyvbCfyQ?feature=oembed\" frameborder=\"0\" allow=\"accelerometer; autoplay; clipboard-write; encrypted-media; gyroscope; picture-in-picture; web-share\" referrerpolicy=\"strict-origin-when-cross-origin\" allowfullscreen><\/iframe>\n<\/div><\/figure>\n\n\n\n<h1 class=\"wp-block-heading\">Blumberger 2-Cut<\/h1>\n\n\n\n<p>Signalkette Blumberger 2 Cut white Demo:<br>Gitarre \u2192 Groove Tubes STP G2 \u2192 Tube Amp Doctor Box (Tune Tubby 12&#8243; Alnico Lautsprecher) \u2192 Royer 121 \u2192 Cubase<br>Aufnahme: middle + bridge, clean <\/p>\n\n\n\n<figure class=\"wp-block-embed is-type-video is-provider-youtube wp-block-embed-youtube wp-embed-aspect-16-9 wp-has-aspect-ratio\"><div class=\"wp-block-embed__wrapper\">\n<iframe loading=\"lazy\" title=\"Blumberger 2-Cut Ahorn\" width=\"500\" height=\"281\" src=\"https:\/\/www.youtube.com\/embed\/vRpaz_mr5mg?feature=oembed\" frameborder=\"0\" allow=\"accelerometer; autoplay; clipboard-write; encrypted-media; gyroscope; picture-in-picture; web-share\" referrerpolicy=\"strict-origin-when-cross-origin\" allowfullscreen><\/iframe>\n<\/div><\/figure>\n\n\n\n<h1 class=\"wp-block-heading\">Blumberger 2-Cut<\/h1>\n\n\n\n<p>Signalkette Blumberger 2 Cut tobaccoburst Demo:<br>Gitarre \u2192 Groove Tubes Soul-O-Single (EL84 R\u00f6hre) \u2192 Tubetown Box \u2192 (Celestion G 12M Lautsprecher) \u2192 Royer 121 \u2192 RME Fireface 400 \u2192 Cubase <\/p>\n\n\n\n<figure class=\"wp-block-embed is-type-video is-provider-youtube wp-block-embed-youtube wp-embed-aspect-16-9 wp-has-aspect-ratio\"><div class=\"wp-block-embed__wrapper\">\n<iframe loading=\"lazy\" title=\"Blumberger 2-Cut Erle\" width=\"500\" height=\"281\" src=\"https:\/\/www.youtube.com\/embed\/-cqy2Z3-4PE?feature=oembed\" frameborder=\"0\" allow=\"accelerometer; autoplay; clipboard-write; encrypted-media; gyroscope; picture-in-picture; web-share\" referrerpolicy=\"strict-origin-when-cross-origin\" allowfullscreen><\/iframe>\n<\/div><\/figure>\n\n\n\n<h1 class=\"wp-block-heading\">Blumberger 2-Cut<\/h1>\n\n\n\n<p>Detailinformationen finden Sie <a href=\"http:\/\/10.0.0.6\/gitarrenbau.html\">hier<\/a>.<\/p>\n\n\n\n<p>GrooveTubes Soul-O-Single Verst\u00e4rker,ToneTubby 12&#8243; Lautsprecherbox, Royer 121 Mikrophon, RME ADI 2 Analog\/Digital-Wandler, Nuendo<\/p>\n\n\n\n<p>Bei &#8222;Steg PU Alabama&#8220; und &#8222;Steg PU Boogie&#8220; wurde der GrooveTubes Verst\u00e4rker ersetzt durch einen Rivera Chubster 40 (selbe Box).<\/p>\n\n\n\n<p>Alle Tracks eingespielt von <a href=\"http:\/\/www.saitenspieler.at\">Martin Wenninger<\/a><br>Tontechnik: Chrono Popp,<br>aufgenommen im <a href=\"http:\/\/www.soundmarks.at\/de\/\">Audiorama Tonstudio<\/a> Wien.<\/p>\n\n\n\n<p>Es wurden keine Effkte (Hall, Kompression etc.) verwendet.<br>Die Lautst\u00e4rke wurde nicht angepasst, die Aufnahmen geben daher die tats\u00e4chlichen Lautst\u00e4rkeunterschiede der Tonabnehmer wieder. <\/p>\n\n\n\n<figure class=\"wp-block-embed is-type-video is-provider-youtube wp-block-embed-youtube wp-embed-aspect-16-9 wp-has-aspect-ratio\"><div class=\"wp-block-embed__wrapper\">\n<iframe loading=\"lazy\" title=\"Blumberger 2-Cut Mahagoni\" width=\"500\" height=\"281\" src=\"https:\/\/www.youtube.com\/embed\/bQHqN2MHFX4?feature=oembed\" frameborder=\"0\" allow=\"accelerometer; autoplay; clipboard-write; encrypted-media; gyroscope; picture-in-picture; web-share\" referrerpolicy=\"strict-origin-when-cross-origin\" allowfullscreen><\/iframe>\n<\/div><\/figure>\n","protected":false},"excerpt":{"rendered":"<p>Blumberger &#8222;1-Cut Birke&#8220; Heimo TrixnerPreis: \u20ac 2.200,&#8211; (inkl. 20% MWSt.)es wurden keine Effkte (Hall, Kompression etc.) verwendet Blumberger &#8222;Mira Lu Signature&#8220; Eigent\u00fcmer: Mira Lu Kovacsalle Tracks eingespielt von Mira Lu Kovacses wurden keine Effkte (Hall, Kompression etc.) verwendet(Ausnahme Riesenmoor).Aufgenommen von Chrono Popp, Audiorama Tonstudio.Die Lautst\u00e4rke wurde nicht angepasst, die Aufnahmen geben daher die tats\u00e4chlichen Lautst\u00e4rkeunterschiede [&hellip;]<\/p>\n","protected":false},"author":1,"featured_media":0,"parent":62,"menu_order":0,"comment_status":"closed","ping_status":"closed","template":"wp-custom-template-reinhard-template","meta":{"footnotes":""},"class_list":["post-80","page","type-page","status-publish","hentry"],"_links":{"self":[{"href":"https:\/\/www.reinhards-gitarren.at\/index.php?rest_route=\/wp\/v2\/pages\/80","targetHints":{"allow":["GET"]}}],"collection":[{"href":"https:\/\/www.reinhards-gitarren.at\/index.php?rest_route=\/wp\/v2\/pages"}],"about":[{"href":"https:\/\/www.reinhards-gitarren.at\/index.php?rest_route=\/wp\/v2\/types\/page"}],"author":[{"embeddable":true,"href":"https:\/\/www.reinhards-gitarren.at\/index.php?rest_route=\/wp\/v2\/users\/1"}],"replies":[{"embeddable":true,"href":"https:\/\/www.reinhards-gitarren.at\/index.php?rest_route=%2Fwp%2Fv2%2Fcomments&post=80"}],"version-history":[{"count":2,"href":"https:\/\/www.reinhards-gitarren.at\/index.php?rest_route=\/wp\/v2\/pages\/80\/revisions"}],"predecessor-version":[{"id":649,"href":"https:\/\/www.reinhards-gitarren.at\/index.php?rest_route=\/wp\/v2\/pages\/80\/revisions\/649"}],"up":[{"embeddable":true,"href":"https:\/\/www.reinhards-gitarren.at\/index.php?rest_route=\/wp\/v2\/pages\/62"}],"wp:attachment":[{"href":"https:\/\/www.reinhards-gitarren.at\/index.php?rest_route=%2Fwp%2Fv2%2Fmedia&parent=80"}],"curies":[{"name":"wp","href":"https:\/\/api.w.org\/{rel}","templated":true}]}}