{"id":92,"date":"2024-11-20T18:50:15","date_gmt":"2024-11-20T18:50:15","guid":{"rendered":"https:\/\/reinhards-gitarren.at\/wordpress\/?page_id=92"},"modified":"2025-07-12T14:38:50","modified_gmt":"2025-07-12T14:38:50","slug":"links","status":"publish","type":"page","link":"https:\/\/www.reinhards-gitarren.at\/?page_id=92","title":{"rendered":"Links"},"content":{"rendered":"\n<h1 class=\"wp-block-heading\">Links<\/h1>\n\n\n\n<h2 class=\"wp-block-heading\"><mark style=\"background-color:rgba(0, 0, 0, 0)\" class=\"has-inline-color has-base-color\">diese Liste (in zuf\u00e4lliger Reihenfolge) erhebt keinen Anspruch auf Vollst\u00e4nd\u00edgkeit<\/mark><strong><mark style=\"background-color:rgba(0, 0, 0, 0)\" class=\"has-inline-color has-base-color\">!<\/mark><\/strong><\/h2>\n\n\n\n<p><em><mark style=\"background-color:rgba(0, 0, 0, 0)\" class=\"has-inline-color has-base-color\">Falls jemand nicht aufgelistet ist und das w\u00fcnscht &#8211; bitte um  entsprechende Information.<\/mark><\/em><\/p>\n\n\n\n<p> <a href=\"https:\/\/www.ipop.at\/heimo-trixner\/\">https:\/\/www.ipop.at\/heimo-trixner\/<\/a>| Heimo Trixner | Musiker<\/p>\n\n\n\n<p><a href=\"https:\/\/www.sirene.at\/kuenstler\/zinkl-hans\">https:\/\/www.sirene.at\/kuenstler\/zinkl-hans<\/a> | Hans Zinkl | Musiker<\/p>\n\n\n\n<p><a href=\"https:\/\/m.facebook.com\/people\/Martin-Wenninger\/61552704355917\">https:\/\/m.facebook.com\/people\/Martin-Wenninger\/61552704355917<\/a>  Martin Wenninger | Musiker<\/p>\n\n\n\n<p><a href=\"http:\/\/www.edifenzl.com\">www.edifenzl.com<\/a> | Edi Fenzl Band | Blues\/Rock<\/p>\n\n\n\n<p><a href=\"https:\/\/norbertschneider.at\">https:\/\/norbertschneider.at<\/a> | Norbert Schneider | Musiker<\/p>\n\n\n\n<p><a href=\"https:\/\/www.miralukovacs.com\/\">www.miralukovacs.com\/<\/a><a href=\"http:\/\/www.schmiedspuls.com\">uls.com<\/a> |Mira Lu Kovacs | Singer-Songwriterin<\/p>\n\n\n\n<p><a href=\"https:\/\/www.hanneskasehs.eu\/hannes-kasehs\">https:\/\/www.hanneskasehs.eu\/hannes-kasehs<\/a> | Hannes Kasehs | Musiker<\/p>\n\n\n\n<p><a href=\"https:\/\/www.klaussteurer.com\">https:\/\/www.klaussteurer.com<\/a> | Klaus Steurer | Musiker<\/p>\n\n\n\n<p><a href=\"https:\/\/www.patrikez.com\/biografia-1\">https:\/\/www.patrikez.com\/biografia-1<\/a> | Patrick Henriquez | Musiker<\/p>\n\n\n\n<p><a href=\"https:\/\/www.ludwigebner.com\">https:\/\/www.ludwigebner.com<\/a> | Ludwig Ebner | Musiker<\/p>\n\n\n\n<p> <a href=\"https:\/\/www.mojobluesband.com\/45\/index.html\">https:\/\/www.mojobluesband.com\/45\/index.html<\/a>| Siggi Fassl | Musiker<\/p>\n\n\n\n<p><a href=\"https:\/\/www.facebook.com\/herby.dunkel\">https:\/\/www.facebook.com\/herby.dunkel<\/a> | Herby Dunkel | Musiker<\/p>\n\n\n\n<p> <a href=\"https:\/\/www.peterkern.at\">https:\/\/www.peterkern.at<\/a>| Peter Kern | Bluesician<\/p>\n\n\n\n<p> <a href=\"https:\/\/www.facebook.com\/viennabluesassociation\/?locale=de_DE\">https:\/\/www.facebook.com\/viennabluesassociation\/?locale=de_DE<\/a>| J\u00f6rg Danielsen | Musiker<\/p>\n\n\n\n<p><a href=\"http:\/\/www.klaus-trabitsch.at\/\">http:\/\/www.klaus-trabitsch.at\/ <\/a>| Klaus Trabitsch | Musiker<\/p>\n\n\n\n<p><a href=\"https:\/\/www.musikergilde.at\/mitglied\/ManfredSchweng.htm\">https:\/\/www.musikergilde.at\/mitglied\/ManfredSchweng.htm<\/a> | Manfred Schweng | Musiker<\/p>\n\n\n\n<p><a href=\"https:\/\/www.vladoblum.at\">https:\/\/www.vladoblum.at<\/a> | Vlado Blum | Musiker<\/p>\n\n\n\n<p><a href=\"https:\/\/www.spechtl.com\/\">https:\/\/www.spechtl.com\/<\/a> | Claus Spechtl | Musiker<\/p>\n\n\n\n<p><a href=\"https:\/\/www.facebook.com\/paul.braunsteiner.3\">https:\/\/www.facebook.com\/paul.braunsteiner.3<\/a> | Paul Braunsteiner | Musiker, K\u00fcnstler<\/p>\n\n\n\n<p><a href=\"https:\/\/sra.at\/band\/40006\">https:\/\/sra.at\/band\/40006<\/a> | Norb Payr | Musiker<\/p>\n\n\n\n<p><a href=\"https:\/\/www.tobiasfaulhammer.com\">https:\/\/www.tobiasfaulhammer.com<\/a> | Tobias Faulhammer | Musiker<\/p>\n\n\n\n<p><a href=\"https:\/\/www.bukuweinrich.com\">https:\/\/www.bukuweinrich.com<\/a> | Buku Weinrich | Musiker<\/p>\n\n\n\n<p><a href=\"https:\/\/www.musikschule21.at\/roland-vorstellvideo\">https:\/\/www.musikschule21.at\/roland-vorstellvideo<\/a> | Roland Stonek | Musiker<\/p>\n\n\n\n<p><a href=\"https:\/\/www.facebook.com\/gerhard.zapletal\/?locale=de_DE\">https:\/\/www.facebook.com\/gerhard.zapletal\/?locale=de_DE<\/a> | Gerhard Zapletal | Musiker<\/p>\n\n\n\n<p><a href=\"https:\/\/www.brg9soundschool.com\/demmer\">https:\/\/www.brg9soundschool.com\/demmer<\/a> | Martin Demmer | Musiker<\/p>\n\n\n\n<p><a href=\"https:\/\/www.facebook.com\/christian.jilli\">https:\/\/www.facebook.com\/christian.jilli<\/a> | Christian Jilli | Musiker<\/p>\n\n\n\n<p><a href=\"https:\/\/www.facebook.com\/helmut.baranyai\/?l\">https:\/\/www.facebook.com\/helmut.baranyai\/?l<\/a> | Helmut &#8222;Slimmi&#8220; Baranyai | Musiker<\/p>\n\n\n\n<p><a href=\"https:\/\/www.facebook.com\/robertfg.hacker\/?locale=de_DE\">https:\/\/www.facebook.com\/robertfg.hacker\/?locale=de_DE<\/a> | Robert FG Hacker | Musiker<\/p>\n\n\n\n<p> <a href=\"https:\/\/sainmus.at\/\">https:\/\/sainmus.at\/<\/a> | Philipp Erasmus | Musiker<\/p>\n\n\n\n<p><a href=\"https:\/\/www.katiekernmusic.com\/\">https:\/\/www.katiekernmusic.com\/<\/a> | Katie Kern | Musikerin<\/p>\n\n\n\n<p><a href=\"http:\/\/www.palmenreich.at\">www.palmenreich.at<\/a> | Thomas Palme | Musiker<\/p>\n\n\n\n<p><a href=\"https:\/\/dev.sra.at\/person\/7861\">https:\/\/dev.sra.at\/person\/7861<\/a> | Dani Gugolz | Musiker<\/p>\n\n\n\n<p><a href=\"https:\/\/www.kinderlieder.at\/\">https:\/\/www.kinderlieder.at\/<\/a> | Bernhard Fibich | Musiker<\/p>\n\n\n\n<p><a href=\"http:\/\/www.lagerfeuermann.com\">http:\/\/www.lagerfeuermann.com<\/a> | Ali F\u00f6ger | Musiker<\/p>\n\n\n\n<p><a href=\"https:\/\/sra.at\/person\/5093\">https:\/\/sra.at\/person\/5093<\/a> | Robert \u00abRobert R\u00e4udig\u00bb Wolf | Chuzpe<\/p>\n\n\n\n<p><a href=\"http:\/\/www.joachim-csaikl.com\" data-type=\"link\" data-id=\"www.joachim-csaikl.com\">www.joachim-csaikl.com<\/a> | Joachim Csaikl | Musiker<\/p>\n\n\n\n<p> <a href=\"https:\/\/www.kurtseppele.at\/\">https:\/\/www.kurtseppele.at\/<\/a>| Kurt Seppele | Musiker<\/p>\n\n\n\n<p><a href=\"https:\/\/www.alcook.at\/\">www.alcook.at<\/a> | Al Cook | Musiker, Urgestein<\/p>\n\n\n\n<p><a href=\"https:\/\/www.stipsits.com\">https:\/\/www.stipsits.com<\/a> | Thomas Stipsits | Universaltalent<\/p>\n\n\n\n<p><a href=\"https:\/\/www.facebook.com\/arnoldo.morenolicones\/?locale=de_DE\">https:\/\/www.facebook.com\/arnoldo.morenolicones\/?locale=de_DE<\/a> | Arnoldo Moreno Licones&nbsp;| Musiker<\/p>\n\n\n\n<p><a href=\"http:\/\/www.maerchen-an-faeden.at\">www.maerchen-an-faeden.at<\/a> | Trad. Marionettentheater<\/p>\n\n\n\n<p> <a href=\"https:\/\/www.facebook.com\/oorb.net\/?locale=de_DEOrges Toce\">https:\/\/www.facebook.com\/oorb.net\/?locale=de_DEOrges Toce<\/a>| Orges Toce | Musiker<\/p>\n\n\n\n<p><a href=\"http:\/\/www.viennamusicroom.at\">www.viennamusicroom.at<\/a> | Vienna Music Room<\/p>\n\n\n\n<ul class=\"wp-block-list\">\n<li><\/li>\n<\/ul>\n\n\n\n<p><a href=\"https:\/\/www.michaellanger.at\">https:\/\/www.michaellanger.at<\/a> | Michael Langer | Musiker<\/p>\n\n\n\n<p><a href=\"https:\/\/sra.at\/band\/36277\">https:\/\/sra.at\/band\/36277<\/a> | Dirty Alex Connection | Blues Rock<\/p>\n\n\n\n<p><a href=\"https:\/\/www.waldviertlergeschenke.at\">https:\/\/www.waldviertlergeschenke.at<\/a> | Tobias Damberger | kunstgewerbliche Zier- und Schmuckgegenst\u00e4nde |<\/p>\n","protected":false},"excerpt":{"rendered":"<p>Links diese Liste (in zuf\u00e4lliger Reihenfolge) erhebt keinen Anspruch auf Vollst\u00e4nd\u00edgkeit! Falls jemand nicht aufgelistet ist und das w\u00fcnscht &#8211; bitte um entsprechende Information. https:\/\/www.ipop.at\/heimo-trixner\/| Heimo Trixner | Musiker https:\/\/www.sirene.at\/kuenstler\/zinkl-hans | Hans Zinkl | Musiker https:\/\/m.facebook.com\/people\/Martin-Wenninger\/61552704355917 Martin Wenninger | Musiker www.edifenzl.com | Edi Fenzl Band | Blues\/Rock https:\/\/norbertschneider.at | Norbert Schneider | Musiker www.miralukovacs.com\/uls.com |Mira [&hellip;]<\/p>\n","protected":false},"author":1,"featured_media":0,"parent":65,"menu_order":0,"comment_status":"closed","ping_status":"closed","template":"wp-custom-template-reinhard-template","meta":{"footnotes":""},"class_list":["post-92","page","type-page","status-publish","hentry"],"_links":{"self":[{"href":"https:\/\/www.reinhards-gitarren.at\/index.php?rest_route=\/wp\/v2\/pages\/92","targetHints":{"allow":["GET"]}}],"collection":[{"href":"https:\/\/www.reinhards-gitarren.at\/index.php?rest_route=\/wp\/v2\/pages"}],"about":[{"href":"https:\/\/www.reinhards-gitarren.at\/index.php?rest_route=\/wp\/v2\/types\/page"}],"author":[{"embeddable":true,"href":"https:\/\/www.reinhards-gitarren.at\/index.php?rest_route=\/wp\/v2\/users\/1"}],"replies":[{"embeddable":true,"href":"https:\/\/www.reinhards-gitarren.at\/index.php?rest_route=%2Fwp%2Fv2%2Fcomments&post=92"}],"version-history":[{"count":12,"href":"https:\/\/www.reinhards-gitarren.at\/index.php?rest_route=\/wp\/v2\/pages\/92\/revisions"}],"predecessor-version":[{"id":675,"href":"https:\/\/www.reinhards-gitarren.at\/index.php?rest_route=\/wp\/v2\/pages\/92\/revisions\/675"}],"up":[{"embeddable":true,"href":"https:\/\/www.reinhards-gitarren.at\/index.php?rest_route=\/wp\/v2\/pages\/65"}],"wp:attachment":[{"href":"https:\/\/www.reinhards-gitarren.at\/index.php?rest_route=%2Fwp%2Fv2%2Fmedia&parent=92"}],"curies":[{"name":"wp","href":"https:\/\/api.w.org\/{rel}","templated":true}]}}